{"id":1080,"date":"2023-03-16T16:07:16","date_gmt":"2023-03-16T15:07:16","guid":{"rendered":"https:\/\/maciej-klosinski.profesjonalnyprogramista.pl\/?page_id=1080"},"modified":"2023-03-21T15:02:32","modified_gmt":"2023-03-21T14:02:32","slug":"artykuly","status":"publish","type":"page","link":"https:\/\/maciej-klosinski.profesjonalnyprogramista.pl\/index.php\/artykuly\/","title":{"rendered":""},"content":{"rendered":"\n<h1 class=\"has-text-align-center has-black-color has-text-color wp-block-heading\" style=\"font-size:32px\">Artyku\u0142y:<\/h1>\n\n\n\n<div style=\"height:50px\" aria-hidden=\"true\" class=\"wp-block-spacer\"><\/div>\n\n\n\n<h2 class=\"specialBlack has-black-color has-text-color wp-block-heading\"><a href=\"https:\/\/maciej-klosinski.profesjonalnyprogramista.pl\/index.php\/2023\/03\/16\/wzorzec-projektowy-fabryka\/\" target=\"_blank\" rel=\"noreferrer noopener\">Wzorzec Projektowy Fabryka<\/a><\/h2>\n\n\n\n<figure class=\"wp-block-image size-large\"><a href=\"https:\/\/maciej-klosinski.profesjonalnyprogramista.pl\/index.php\/2023\/03\/16\/wzorzec-projektowy-fabryka\/\" target=\"_blank\" rel=\"noreferrer noopener\"><img loading=\"lazy\" decoding=\"async\" width=\"1024\" height=\"406\" src=\"https:\/\/maciej-klosinski.profesjonalnyprogramista.pl\/wp-content\/uploads\/2023\/03\/fabryka-1024x406.png\" alt=\"\" class=\"wp-image-1183\" srcset=\"https:\/\/maciej-klosinski.profesjonalnyprogramista.pl\/wp-content\/uploads\/2023\/03\/fabryka-1024x406.png 1024w, https:\/\/maciej-klosinski.profesjonalnyprogramista.pl\/wp-content\/uploads\/2023\/03\/fabryka-300x119.png 300w, https:\/\/maciej-klosinski.profesjonalnyprogramista.pl\/wp-content\/uploads\/2023\/03\/fabryka-768x304.png 768w, https:\/\/maciej-klosinski.profesjonalnyprogramista.pl\/wp-content\/uploads\/2023\/03\/fabryka.png 1229w\" sizes=\"auto, (max-width: 1024px) 100vw, 1024px\" \/><\/a><\/figure>\n\n\n\n<div style=\"height:50px\" aria-hidden=\"true\" class=\"wp-block-spacer\"><\/div>\n\n\n\n<h2 class=\"specialBlack has-black-color has-text-color wp-block-heading\"><a href=\"https:\/\/maciej-klosinski.profesjonalnyprogramista.pl\/index.php\/2023\/03\/16\/wzorzec-projektowy-lancuch-odpowiedzialnosci\/\" target=\"_blank\" rel=\"noreferrer noopener\">Wzorzec Projektowy \u0141a\u0144cuch Odpowiedzialno\u015bci<\/a><\/h2>\n\n\n\n<figure class=\"wp-block-image size-large\"><a href=\"https:\/\/maciej-klosinski.profesjonalnyprogramista.pl\/index.php\/2023\/03\/16\/wzorzec-projektowy-lancuch-odpowiedzialnosci\/\" target=\"_blank\" rel=\"noreferrer noopener\"><img loading=\"lazy\" decoding=\"async\" width=\"1024\" height=\"417\" src=\"https:\/\/maciej-klosinski.profesjonalnyprogramista.pl\/wp-content\/uploads\/2023\/03\/lancuch-1024x417.png\" alt=\"\" class=\"wp-image-1184\" srcset=\"https:\/\/maciej-klosinski.profesjonalnyprogramista.pl\/wp-content\/uploads\/2023\/03\/lancuch-1024x417.png 1024w, https:\/\/maciej-klosinski.profesjonalnyprogramista.pl\/wp-content\/uploads\/2023\/03\/lancuch-300x122.png 300w, https:\/\/maciej-klosinski.profesjonalnyprogramista.pl\/wp-content\/uploads\/2023\/03\/lancuch-768x313.png 768w, https:\/\/maciej-klosinski.profesjonalnyprogramista.pl\/wp-content\/uploads\/2023\/03\/lancuch.png 1229w\" sizes=\"auto, (max-width: 1024px) 100vw, 1024px\" \/><\/a><\/figure>\n\n\n\n<div style=\"height:50px\" aria-hidden=\"true\" class=\"wp-block-spacer\"><\/div>\n\n\n\n<h2 class=\"specialBlack has-black-color has-text-color wp-block-heading\"><a href=\"https:\/\/maciej-klosinski.profesjonalnyprogramista.pl\/index.php\/2023\/03\/16\/wzorzec-projektowy-fasada\/\" target=\"_blank\" rel=\"noreferrer noopener\">Wzorzec Projektowy Fasada<\/a><\/h2>\n\n\n\n<figure class=\"wp-block-image size-large\"><a href=\"https:\/\/maciej-klosinski.profesjonalnyprogramista.pl\/index.php\/2023\/03\/16\/wzorzec-projektowy-fasada\/\" target=\"_blank\" rel=\"noreferrer noopener\"><img loading=\"lazy\" decoding=\"async\" width=\"1024\" height=\"469\" src=\"https:\/\/maciej-klosinski.profesjonalnyprogramista.pl\/wp-content\/uploads\/2023\/03\/fasada-1024x469.png\" alt=\"\" class=\"wp-image-1188\" srcset=\"https:\/\/maciej-klosinski.profesjonalnyprogramista.pl\/wp-content\/uploads\/2023\/03\/fasada-1024x469.png 1024w, https:\/\/maciej-klosinski.profesjonalnyprogramista.pl\/wp-content\/uploads\/2023\/03\/fasada-300x137.png 300w, https:\/\/maciej-klosinski.profesjonalnyprogramista.pl\/wp-content\/uploads\/2023\/03\/fasada-768x352.png 768w, https:\/\/maciej-klosinski.profesjonalnyprogramista.pl\/wp-content\/uploads\/2023\/03\/fasada.png 1229w\" sizes=\"auto, (max-width: 1024px) 100vw, 1024px\" \/><\/a><\/figure>\n\n\n\n<div style=\"height:50px\" aria-hidden=\"true\" class=\"wp-block-spacer\"><\/div>\n\n\n\n<h2 class=\"specialBlack has-black-color has-text-color wp-block-heading\"><\/h2>\n","protected":false},"excerpt":{"rendered":"<p>Artyku\u0142y: Wzorzec Projektowy Fabryka Wzorzec Projektowy \u0141a\u0144cuch Odpowiedzialno\u015bci Wzorzec Projektowy Fasada<\/p>\n","protected":false},"author":1,"featured_media":0,"parent":0,"menu_order":0,"comment_status":"closed","ping_status":"closed","template":"","meta":{"footnotes":""},"class_list":["post-1080","page","type-page","status-publish","hentry"],"_links":{"self":[{"href":"https:\/\/maciej-klosinski.profesjonalnyprogramista.pl\/index.php\/wp-json\/wp\/v2\/pages\/1080","targetHints":{"allow":["GET"]}}],"collection":[{"href":"https:\/\/maciej-klosinski.profesjonalnyprogramista.pl\/index.php\/wp-json\/wp\/v2\/pages"}],"about":[{"href":"https:\/\/maciej-klosinski.profesjonalnyprogramista.pl\/index.php\/wp-json\/wp\/v2\/types\/page"}],"author":[{"embeddable":true,"href":"https:\/\/maciej-klosinski.profesjonalnyprogramista.pl\/index.php\/wp-json\/wp\/v2\/users\/1"}],"replies":[{"embeddable":true,"href":"https:\/\/maciej-klosinski.profesjonalnyprogramista.pl\/index.php\/wp-json\/wp\/v2\/comments?post=1080"}],"version-history":[{"count":11,"href":"https:\/\/maciej-klosinski.profesjonalnyprogramista.pl\/index.php\/wp-json\/wp\/v2\/pages\/1080\/revisions"}],"predecessor-version":[{"id":1204,"href":"https:\/\/maciej-klosinski.profesjonalnyprogramista.pl\/index.php\/wp-json\/wp\/v2\/pages\/1080\/revisions\/1204"}],"wp:attachment":[{"href":"https:\/\/maciej-klosinski.profesjonalnyprogramista.pl\/index.php\/wp-json\/wp\/v2\/media?parent=1080"}],"curies":[{"name":"wp","href":"https:\/\/api.w.org\/{rel}","templated":true}]}}